{"id":73,"date":"2024-06-25T20:04:36","date_gmt":"2024-06-25T18:04:36","guid":{"rendered":"https:\/\/pr.aconcaguaultratrail.com\/?page_id=73"},"modified":"2025-07-09T01:37:23","modified_gmt":"2025-07-08T23:37:23","slug":"contacto","status":"publish","type":"page","link":"https:\/\/pr.aconcaguaultratrail.com\/pt\/contacto\/","title":{"rendered":"Contacto"},"content":{"rendered":"<h1>CONTACTO<\/h1>\n<h1>Complet\u00e1 el formulario y te responderemos a la brevedad.<\/h1>\n<div>\n<div class='fluentform ff-default fluentform_wrapper_3 ffs_default_wrap'><form data-form_id=\"3\" id=\"fluentform_3\" class=\"frm-fluent-form fluent_form_3 ff-el-form-top ff_form_instance_3_1 ff-form-loading ffs_default\" data-form_instance=\"ff_form_instance_3_1\" method=\"POST\" ><fieldset  style=\"border: none!important;margin: 0!important;padding: 0!important;background-color: transparent!important;box-shadow: none!important;outline: none!important; min-inline-size: 100%;\">\n                    <legend class=\"ff_screen_reader_title\" style=\"display: block; margin: 0!important;padding: 0!important;height: 0!important;text-indent: -999999px;width: 0!important;overflow:hidden;\">(ES) Contacto PR<\/legend><input type='hidden' name='__fluent_form_embded_post_id' value='73' \/><input type=\"hidden\" id=\"_fluentform_3_fluentformnonce\" name=\"_fluentform_3_fluentformnonce\" value=\"e014ef6624\" \/><input type=\"hidden\" name=\"_wp_http_referer\" value=\"\/pt\/wp-json\/wp\/v2\/pages\/73\" \/><div data-type=\"name-element\" data-name=\"names\" class=\" ff-field_container ff-name-field-wrapper\" ><div class='ff-t-container'><div class='ff-t-cell '><div class='ff-el-group ff-el-form-top'><div class=\"ff-el-input--label ff-el-is-required asterisk-right\"><label for='ff_3_names_first_name_' id='label_ff_3_names_first_name_' >Nombre<\/label><\/div><div class='ff-el-input--content'><input type=\"text\" name=\"names[first_name]\" id=\"ff_3_names_first_name_\" class=\"ff-el-form-control\" placeholder=\"Ingres\u00e1 tu nombre\" aria-invalid=\"false\" aria-required=true><\/div><\/div><\/div><\/div><\/div><div class='ff-el-group'><div class=\"ff-el-input--label ff-el-is-required asterisk-right\"><label for='ff_3_email' id='label_ff_3_email' aria-label=\"Email\">Email<\/label><\/div><div class='ff-el-input--content'><input type=\"email\" name=\"email\" id=\"ff_3_email\" class=\"ff-el-form-control\" placeholder=\"Direcci\u00f3n de Correo Electr\u00f3nico\" data-name=\"email\"  aria-invalid=\"false\" aria-required=true><\/div><\/div><div class='ff-el-group'><div class=\"ff-el-input--label asterisk-right\"><label for='ff_3_input_text' id='label_ff_3_input_text' aria-label=\"Tel\u00e9fono\">Tel\u00e9fono<\/label><\/div><div class='ff-el-input--content'><input type=\"text\" name=\"input_text\" class=\"ff-el-form-control\" data-name=\"input_text\" id=\"ff_3_input_text\"  aria-invalid=\"false\" aria-required=false><\/div><\/div><div class='ff-el-group'><div class=\"ff-el-input--label ff-el-is-required asterisk-right\"><label for='ff_3_description' id='label_ff_3_description' aria-label=\"Mensaje\">Mensaje<\/label><\/div><div class='ff-el-input--content'><textarea aria-required=\"true\" aria-labelledby=\"label_ff_3_description\" name=\"description\" id=\"ff_3_description\" class=\"ff-el-form-control\" placeholder=\"Dejanos tu consulta o mensaje\" rows=\"6\" cols=\"2\" data-name=\"description\" ><\/textarea><\/div><\/div><div class='ff-el-group ff-text-left ff_submit_btn_wrapper'><button type=\"submit\" class=\"ff-btn ff-btn-submit ff-btn-md ff_btn_style wpf_has_custom_css\"  aria-label=\"Enviar\">Enviar<\/button><\/div><\/fieldset><\/form><div id='fluentform_3_errors' class='ff-errors-in-stack ff_form_instance_3_1 ff-form-loading_errors ff_form_instance_3_1_errors'><\/div><\/div>            <script type=\"text\/javascript\">\n                window.fluent_form_ff_form_instance_3_1 = {\"id\":\"3\",\"settings\":{\"layout\":{\"labelPlacement\":\"top\",\"asteriskPlacement\":\"asterisk-right\",\"helpMessagePlacement\":\"with_label\",\"errorMessagePlacement\":\"inline\",\"cssClassName\":\"\"},\"restrictions\":{\"denyEmptySubmission\":{\"enabled\":false}}},\"form_instance\":\"ff_form_instance_3_1\",\"form_id_selector\":\"fluentform_3\",\"rules\":{\"names[first_name]\":{\"required\":{\"value\":true,\"message\":\"Por favor, complet\\u00e1 este campo\",\"global_message\":\"This field is required\",\"global\":false}},\"names[middle_name]\":{\"required\":{\"value\":false,\"message\":\"Este campo \\u00e9 obrigat\\u00f3rio\",\"global_message\":\"This field is required\",\"global\":true}},\"names[last_name]\":{\"required\":{\"value\":false,\"message\":\"Este campo \\u00e9 obrigat\\u00f3rio\",\"global_message\":\"This field is required\",\"global\":true}},\"email\":{\"required\":{\"value\":true,\"message\":\"Por favor, complet\\u00e1 este campo\",\"global_message\":\"This field is required\",\"global\":false},\"email\":{\"value\":true,\"message\":\"Debes ingresar una direcci\\u00f3n v\\u00e1lida\",\"global_message\":\"This field must contain a valid email\",\"global\":false}},\"input_text\":{\"required\":{\"value\":false,\"message\":\"Este campo \\u00e9 obrigat\\u00f3rio\",\"global_message\":\"This field is required\",\"global\":true}},\"description\":{\"required\":{\"value\":true,\"message\":\"Este campo \\u00e9 obrigat\\u00f3rio\",\"global_message\":\"This field is required\",\"global\":true}}},\"debounce_time\":300};\n                            <\/script>\n            <\/div>\n<h1>Informaci\u00f3n de Contacto<\/h1>\n<div>\n<p><a href=\"mailto:info@patagoniarun.com\">info@patagoniarun.com<\/a><br \/><strong><br \/>Oficina de carrera<\/strong><br \/>M\u00f3vil: +54 11 64953446 -&gt; s\u00f3lo llamadas<br \/>Tel\u00e9fono:\u00a0+54 2972 420949<br \/>Capitan Drury 786 &#8211; 1\u00b0p<br \/><span>San Mart\u00edn de los Andes &#8211; Argentina\u00a0<\/span><\/p>\n<p><strong>Prensa Patagonia Run<\/strong><br \/><a href=\"mailto:prensa@patagoniarun.com\">prensa@patagoniarun.com<\/a><\/p>\n<\/div>\n<p><!--more--><br \/>\n<!-- {\"type\":\"layout\",\"children\":[{\"type\":\"section\",\"props\":{\"image_position\":\"center-center\",\"style\":\"secondary\",\"title_breakpoint\":\"xl\",\"title_position\":\"top-left\",\"title_rotation\":\"left\",\"vertical_align\":\"middle\",\"width\":\"default\"},\"children\":[{\"type\":\"row\",\"children\":[{\"type\":\"column\",\"props\":{\"image_position\":\"center-center\",\"position_sticky_breakpoint\":\"m\"},\"children\":[{\"type\":\"headline\",\"props\":{\"content\":\"CONTACTO\",\"content_en_us\":\"CONTACT\",\"content_pt_br\":\"CONTATO\",\"css\":\"@media screen and (min-width: 601px) {\\n  .el-element {\\n    font-size: 5vw;\\n  }\\n}\\n\\n@media screen and (max-width: 600px) {\\n  .el-element {\\n    font-size: 11vw;\\n  }\\n}\",\"text_align\":\"center\",\"title_element\":\"h1\",\"title_style\":\"h1\"}}]}]}],\"name\":\"[SECTION] Hero (Solo texto)\"},{\"type\":\"section\",\"props\":{\"image_position\":\"center-center\",\"style\":\"default\",\"title_breakpoint\":\"xl\",\"title_position\":\"top-left\",\"title_rotation\":\"left\",\"vertical_align\":\"middle\",\"width\":\"default\"},\"children\":[{\"type\":\"row\",\"children\":[{\"type\":\"column\",\"props\":{\"image_position\":\"center-center\",\"position_sticky_breakpoint\":\"m\"},\"children\":[{\"type\":\"headline\",\"props\":{\"content\":\"Complet\\u00e1 el formulario y te responderemos a la brevedad.\",\"content_en_us\":\"Fill the form and we will respond shortly.\",\"content_pt_br\":\"Preencha o formul\\u00e1rio e responderemos em breve.\",\"text_align\":\"center\",\"title_element\":\"h1\",\"title_style\":\"text-lead\"}}]}]},{\"type\":\"row\",\"props\":{\"column_gap\":\"large\",\"layout\":\"2-3,1-3\"},\"children\":[{\"type\":\"column\",\"props\":{\"image_position\":\"center-center\",\"position_sticky_breakpoint\":\"m\",\"width_medium\":\"2-3\"},\"children\":[{\"type\":\"html\",\"props\":{\"content\":\"[fluentform id=\\\"3\\\"]\",\"content_en_us\":\"[fluentform id=\\\"4\\\"]\",\"content_pt_br\":\"[fluentform id=\\\"5\\\"]\"}}]},{\"type\":\"column\",\"props\":{\"image_position\":\"center-center\",\"position_sticky_breakpoint\":\"m\",\"width_medium\":\"1-3\"},\"children\":[{\"type\":\"headline\",\"props\":{\"content\":\"Informaci\\u00f3n de Contacto\",\"content_en_us\":\"Contact Information\",\"content_pt_br\":\"Informa\\u00e7\\u00f5es de Contato\",\"css\":\".el-element {\\n    color: #E7D831;\\n}\",\"title_element\":\"h1\",\"title_style\":\"h3\"}},{\"type\":\"text\",\"props\":{\"column_breakpoint\":\"m\",\"content\":\"\n\n<p><a href=\\\"mailto:info@patagoniarun.com\\\">info@patagoniarun.com<\\\/a><br \\\/><strong><br \\\/>Oficina de carrera<\\\/strong><br \\\/>M\\u00f3vil: +54 11 64953446 -&gt; s\\u00f3lo llamadas<br \\\/>Tel\\u00e9fono:\\u00a0+54 2972 420949<br \\\/>Capitan Drury 786 - 1\\u00b0p<br \\\/><span>San Mart\\u00edn de los Andes - Argentina\\u00a0<\\\/span><\\\/p>\\n\n\n<p><strong>Prensa Patagonia Run<\\\/strong><br \\\/><a href=\\\"mailto:prensa@patagoniarun.com\\\">prensa@patagoniarun.com<\\\/a><\\\/p>\",\"content_en_us\":\"\n\n<p><a href=\\\"mailto:info@patagoniarun.com\\\">info@patagoniarun.com<\\\/a><br \\\/><strong><br \\\/>Race Office<\\\/strong><br \\\/>Mobile: +54 11 64953446 -&gt; calls only<br \\\/>Phone: +54 2972 420949<br \\\/>Capitan Drury 786 - 1st floor<br \\\/><span>San Mart\\u00edn de los Andes - Argentina<\\\/span><\\\/p>\\n\n\n<p><strong>Patagonia Run Press<\\\/strong><br \\\/><a href=\\\"mailto:prensa@patagoniarun.com\\\">prensa@patagoniarun.com<\\\/a><\\\/p>\",\"content_pt_br\":\"\n\n<p><a href=\\\"mailto:info@patagoniarun.com\\\">info@patagoniarun.com<\\\/a><br \\\/><strong><br \\\/>Escrit\\u00f3rio da Corrida<\\\/strong><br \\\/>Celular: +54 11 64953446 -&gt; somente chamadas<br \\\/>Telefone: +54 2972 420949<br \\\/>Capit\\u00e1n Drury 786 - 1\\u00ba andar<br \\\/><span>San Mart\\u00edn de los Andes - Argentina<\\\/span><\\\/p>\\n\n\n<p><strong>Imprensa Patagonia Run<\\\/strong><br \\\/><a href=\\\"mailto:prensa@patagoniarun.com\\\">prensa@patagoniarun.com<\\\/a><\\\/p>\",\"margin\":\"default\"}}]}]}]}],\"version\":\"4.5.21\"} --><\/p>\n","protected":false},"excerpt":{"rendered":"<p>CONTACTO Complet\u00e1 el formulario y te responderemos a la brevedad. (ES) Contacto PRNombreEmailTel\u00e9fonoMensajeEnviar Informaci\u00f3n de Contacto info@patagoniarun.comOficina de carreraM\u00f3vil: +54 11 64953446 -&gt; s\u00f3lo llamadasTel\u00e9fono:\u00a0+54 2972 420949Capitan Drury 786 &#8211; 1\u00b0pSan Mart\u00edn de los Andes &#8211; Argentina\u00a0 Prensa Patagonia Runprensa@patagoniarun.com<\/p>\n","protected":false},"author":1,"featured_media":0,"parent":0,"menu_order":0,"comment_status":"closed","ping_status":"closed","template":"","meta":{"footnotes":""},"class_list":["post-73","page","type-page","status-publish","hentry"],"_links":{"self":[{"href":"https:\/\/pr.aconcaguaultratrail.com\/pt\/wp-json\/wp\/v2\/pages\/73","targetHints":{"allow":["GET"]}}],"collection":[{"href":"https:\/\/pr.aconcaguaultratrail.com\/pt\/wp-json\/wp\/v2\/pages"}],"about":[{"href":"https:\/\/pr.aconcaguaultratrail.com\/pt\/wp-json\/wp\/v2\/types\/page"}],"author":[{"embeddable":true,"href":"https:\/\/pr.aconcaguaultratrail.com\/pt\/wp-json\/wp\/v2\/users\/1"}],"replies":[{"embeddable":true,"href":"https:\/\/pr.aconcaguaultratrail.com\/pt\/wp-json\/wp\/v2\/comments?post=73"}],"version-history":[{"count":10,"href":"https:\/\/pr.aconcaguaultratrail.com\/pt\/wp-json\/wp\/v2\/pages\/73\/revisions"}],"predecessor-version":[{"id":922,"href":"https:\/\/pr.aconcaguaultratrail.com\/pt\/wp-json\/wp\/v2\/pages\/73\/revisions\/922"}],"wp:attachment":[{"href":"https:\/\/pr.aconcaguaultratrail.com\/pt\/wp-json\/wp\/v2\/media?parent=73"}],"curies":[{"name":"wp","href":"https:\/\/api.w.org\/{rel}","templated":true}]}}